{"id":1257,"date":"2026-03-02T17:39:01","date_gmt":"2026-03-02T17:39:01","guid":{"rendered":"https:\/\/maroon-hedgehog-717301.hostingersite.com\/?page_id=1257"},"modified":"2026-04-14T12:47:01","modified_gmt":"2026-04-14T12:47:01","slug":"quem-somos","status":"publish","type":"page","link":"https:\/\/nexusinvestment.com.br\/?page_id=1257","title":{"rendered":"Quem somos"},"content":{"rendered":"\t\t<div data-elementor-type=\"wp-page\" data-elementor-id=\"1257\" class=\"elementor elementor-1257\">\n\t\t\t\t<div class=\"elementor-element elementor-element-23c365d sky-reflex e-flex e-con-boxed wpr-particle-no wpr-jarallax-no wpr-parallax-no wpr-sticky-section-no wpr-equal-height-no e-con e-parent\" data-id=\"23c365d\" data-element_type=\"container\" data-e-type=\"container\" data-settings=\"{&quot;background_background&quot;:&quot;slideshow&quot;,&quot;background_slideshow_gallery&quot;:[{&quot;id&quot;:1337,&quot;url&quot;:&quot;https:\\\/\\\/nexusinvestment.com.br\\\/wp-content\\\/uploads\\\/2026\\\/04\\\/Whisk_9bbd7625e8e4ad8818146c35bba33e6bdr.jpeg&quot;}],&quot;background_slideshow_loop&quot;:&quot;yes&quot;,&quot;background_slideshow_slide_duration&quot;:5000,&quot;background_slideshow_slide_transition&quot;:&quot;fade&quot;,&quot;background_slideshow_transition_duration&quot;:500}\">\n\t\t\t\t\t<div class=\"e-con-inner\">\n\t\t\t\t<div class=\"elementor-element elementor-element-81059cb elementor-widget elementor-widget-html\" data-id=\"81059cb\" data-element_type=\"widget\" data-e-type=\"widget\" data-widget_type=\"html.default\">\n\t\t\t\t\t<link href=\"https:\/\/fonts.googleapis.com\/css2?family=Inter:wght@400;500;600;700;800&display=swap\" rel=\"stylesheet\">\r\n\r\n<div class=\"axis-header-area\">\r\n  <header class=\"axis-header\">\r\n    \r\n    <a href=\"https:\/\/nexusinvestment.com.br\/?page_id=1243\" class=\"axis-logo\" aria-label=\"Ir para a p\u00e1gina da logo\">\r\n      <img decoding=\"async\" src=\"https:\/\/nexusinvestment.com.br\/wp-content\/uploads\/2026\/04\/nexus_transparent.png\" alt=\"Logo\" class=\"axis-logo-img\">\r\n    <\/a>\r\n\r\n    <nav class=\"axis-nav\">\r\n      <a href=\"https:\/\/nexusinvestment.com.br\/?page_id=1257\">Quem Somos<\/a>\r\n      <a href=\"https:\/\/nexusinvestment.com.br\/?page_id=1261\">Compliance<\/a>\r\n      <a href=\"https:\/\/nexusinvestment.com.br\/?page_id=1286\">Todos Investimentos<\/a>\r\n      <a href=\"https:\/\/nexusinvestment.com.br\/?page_id=1251\">Contato<\/a>\r\n    <\/nav>\r\n\r\n    <div class=\"axis-actions\">\r\n      <a href=\"https:\/\/nexusinvestment.com.br\/?page_id=1496\" class=\"axis-btn axis-btn-login\">LOGIN<\/a>\r\n      <a href=\"https:\/\/nexusinvestment.com.br\/?page_id=1455\" class=\"axis-btn axis-btn-register\">CADASTRO<\/a>\r\n    <\/div>\r\n\r\n    <button class=\"axis-menu-btn\" id=\"axisMenuBtn\" type=\"button\">\u2630<\/button>\r\n  <\/header>\r\n\r\n  <div class=\"axis-mobile-menu\" id=\"axisMobileMenu\">\r\n    <a href=\"https:\/\/nexusinvestment.com.br\/?page_id=1257\">Quem Somos<\/a>\r\n    <a href=\"https:\/\/nexusinvestment.com.br\/?page_id=1261\">Compliance<\/a>\r\n    <a href=\"https:\/\/nexusinvestment.com.br\/?page_id=1286\">Todos Investimentos<\/a>\r\n    <a href=\"https:\/\/nexusinvestment.com.br\/?page_id=1251\">Contato<\/a>\r\n\r\n    <div class=\"axis-mobile-actions\">\r\n      <a href=\"https:\/\/nexusinvestment.com.br\/?page_id=1496\" class=\"axis-btn axis-btn-login\">LOGIN<\/a>\r\n      <a href=\"https:\/\/nexusinvestment.com.br\/?page_id=1455\" class=\"axis-btn axis-btn-register\">CADASTRO<\/a>\r\n    <\/div>\r\n  <\/div>\r\n<\/div>\r\n\r\n<style>\r\n.axis-header-area *{\r\n  box-sizing:border-box;\r\n  margin:0;\r\n  padding:0;\r\n  font-family:'Inter',sans-serif;\r\n}\r\n\r\n.axis-header-area{\r\n  width:100%;\r\n  display:flex;\r\n  flex-direction:column;\r\n  align-items:center;\r\n  position:fixed;\r\n  top:14px;\r\n  left:0;\r\n  z-index:99999;\r\n}\r\n\r\n.axis-header{\r\n  width:1180px;\r\n  max-width:calc(100vw - 40px);\r\n  min-height:46px;\r\n  display:flex;\r\n  align-items:center;\r\n  justify-content:space-between;\r\n  gap:10px;\r\n  padding:6px 10px;\r\n  border-radius:14px;\r\n  position:relative;\r\n  overflow:visible;\r\n  background:rgba(7,10,18,0.42);\r\n  backdrop-filter:blur(22px) saturate(165%);\r\n  -webkit-backdrop-filter:blur(22px) saturate(165%);\r\n  border:1px solid rgba(255,255,255,0.05);\r\n  box-shadow:\r\n    inset 0 1px 0 rgba(255,255,255,0.04),\r\n    0 6px 16px rgba(0,0,0,0.14);\r\n}\r\n\r\n.axis-header::before{\r\n  content:\"\";\r\n  position:absolute;\r\n  inset:0;\r\n  border-radius:inherit;\r\n  background:linear-gradient(180deg, rgba(14,17,31,0.28) 0%, rgba(8,10,18,0.32) 100%);\r\n  pointer-events:none;\r\n  z-index:0;\r\n}\r\n\r\n.axis-header::after{\r\n  content:\"\";\r\n  position:absolute;\r\n  inset:0;\r\n  border-radius:inherit;\r\n  background:\r\n    linear-gradient(90deg,\r\n      rgba(255,255,255,0.01) 0%,\r\n      rgba(255,255,255,0.025) 14%,\r\n      rgba(2,85,252,0.05) 34%,\r\n      rgba(255,255,255,0.008) 50%,\r\n      rgba(2,85,252,0.04) 70%,\r\n      rgba(255,255,255,0.016) 100%);\r\n  pointer-events:none;\r\n  z-index:0;\r\n}\r\n\r\n.axis-logo,\r\n.axis-nav,\r\n.axis-actions,\r\n.axis-menu-btn{\r\n  position:relative;\r\n  z-index:5;\r\n}\r\n\r\n.axis-logo{\r\n  display:flex;\r\n  align-items:center;\r\n  justify-content:flex-start;\r\n  flex:0 0 auto;\r\n  width:210px;\r\n  min-width:210px;\r\n  height:34px;\r\n  text-decoration:none;\r\n  overflow:visible;\r\n  cursor:pointer;\r\n  pointer-events:auto;\r\n}\r\n\r\n.axis-logo-img{\r\n  display:block;\r\n  max-width:100%;\r\n  max-height:32px;\r\n  width:auto;\r\n  height:auto;\r\n  object-fit:contain;\r\n  object-position:left center;\r\n  pointer-events:none;\r\n  user-select:none;\r\n  -webkit-user-drag:none;\r\n}\r\n\r\n.axis-nav{\r\n  display:flex;\r\n  align-items:center;\r\n  justify-content:center;\r\n  gap:24px;\r\n  flex:1;\r\n  min-width:0;\r\n}\r\n\r\n.axis-nav a{\r\n  text-decoration:none;\r\n  color:rgba(255,255,255,.92);\r\n  font-size:11px;\r\n  font-weight:600;\r\n  white-space:nowrap;\r\n  transition:.25s ease;\r\n}\r\n\r\n.axis-nav a:hover{\r\n  color:#0255fc;\r\n}\r\n\r\n.axis-actions{\r\n  display:flex;\r\n  align-items:center;\r\n  gap:8px;\r\n  flex:0 0 auto;\r\n}\r\n\r\n.axis-btn{\r\n  height:32px;\r\n  min-width:104px;\r\n  padding:0 16px;\r\n  border-radius:999px;\r\n  display:inline-flex;\r\n  align-items:center;\r\n  justify-content:center;\r\n  text-decoration:none;\r\n  white-space:nowrap;\r\n  overflow:hidden;\r\n  position:relative;\r\n  font-size:10px;\r\n  font-weight:800;\r\n  letter-spacing:.2px;\r\n  text-transform:uppercase;\r\n  transition:.25s ease;\r\n}\r\n\r\n.axis-btn-login{\r\n  color:#fff;\r\n  background:rgba(255,255,255,0.06);\r\n  border:1px solid rgba(255,255,255,0.10);\r\n  backdrop-filter:blur(10px);\r\n  -webkit-backdrop-filter:blur(10px);\r\n}\r\n\r\n.axis-btn-login:hover{\r\n  border-color:rgba(2,85,252,0.45);\r\n  box-shadow:0 0 0 1px rgba(2,85,252,0.18), 0 8px 18px rgba(2,85,252,0.16);\r\n}\r\n\r\n.axis-btn-register{\r\n  color:#fff;\r\n  background:linear-gradient(180deg,#2d74ff 0%, #0255fc 58%, #0147d4 100%);\r\n  box-shadow:\r\n    inset 0 1px 0 rgba(255,255,255,.20),\r\n    0 6px 14px rgba(2,85,252,.28);\r\n}\r\n\r\n.axis-btn-register::before{\r\n  content:\"\";\r\n  position:absolute;\r\n  inset:0;\r\n  background:linear-gradient(180deg, rgba(255,255,255,.12), rgba(255,255,255,0));\r\n  pointer-events:none;\r\n}\r\n\r\n.axis-btn-register:hover{\r\n  transform:translateY(-1px);\r\n  box-shadow:\r\n    inset 0 1px 0 rgba(255,255,255,.20),\r\n    0 10px 20px rgba(2,85,252,.34);\r\n}\r\n\r\n.axis-menu-btn{\r\n  display:none;\r\n  width:32px;\r\n  height:32px;\r\n  border:none;\r\n  border-radius:8px;\r\n  background:rgba(255,255,255,.06);\r\n  color:#fff;\r\n  font-size:16px;\r\n  cursor:pointer;\r\n  backdrop-filter:blur(10px);\r\n  -webkit-backdrop-filter:blur(10px);\r\n}\r\n\r\n.axis-mobile-menu{\r\n  display:none;\r\n  width:1180px;\r\n  max-width:calc(100vw - 40px);\r\n  margin-top:8px;\r\n}\r\n\r\n.axis-mobile-actions{\r\n  display:flex;\r\n  flex-direction:column;\r\n  gap:10px;\r\n  margin-top:4px;\r\n}\r\n\r\n.axis-mobile-actions .axis-btn{\r\n  width:100%;\r\n  min-width:100%;\r\n  height:38px;\r\n  font-size:11px;\r\n}\r\n\r\n@media (max-width: 980px){\r\n  .axis-header{\r\n    max-width:calc(100vw - 24px);\r\n    gap:8px;\r\n  }\r\n\r\n  .axis-mobile-menu{\r\n    max-width:calc(100vw - 24px);\r\n  }\r\n\r\n  .axis-nav{\r\n    gap:14px;\r\n  }\r\n\r\n  .axis-actions{\r\n    gap:6px;\r\n  }\r\n\r\n  .axis-btn{\r\n    min-width:92px;\r\n    padding:0 12px;\r\n    font-size:9px;\r\n  }\r\n\r\n  .axis-logo{\r\n    width:180px;\r\n    min-width:180px;\r\n    height:32px;\r\n  }\r\n\r\n  .axis-logo-img{\r\n    max-height:30px;\r\n  }\r\n}\r\n\r\n@media (max-width: 860px){\r\n  .axis-header-area{\r\n    top:10px;\r\n  }\r\n\r\n  .axis-header{\r\n    max-width:calc(100vw - 20px);\r\n    min-height:50px;\r\n    padding:8px 10px;\r\n  }\r\n\r\n  .axis-mobile-menu{\r\n    max-width:calc(100vw - 20px);\r\n  }\r\n\r\n  .axis-nav,\r\n  .axis-actions{\r\n    display:none;\r\n  }\r\n\r\n  .axis-menu-btn{\r\n    display:flex;\r\n    align-items:center;\r\n    justify-content:center;\r\n    margin-left:auto;\r\n    position:relative;\r\n    z-index:6;\r\n  }\r\n\r\n  .axis-logo{\r\n    width:170px;\r\n    min-width:170px;\r\n    height:32px;\r\n  }\r\n\r\n  .axis-logo-img{\r\n    max-height:30px;\r\n  }\r\n\r\n  .axis-mobile-menu.active{\r\n    display:flex;\r\n    flex-direction:column;\r\n    gap:12px;\r\n    padding:14px 12px;\r\n    border-radius:14px;\r\n    background:rgba(10,12,22,0.34);\r\n    backdrop-filter:blur(22px) saturate(165%);\r\n    -webkit-backdrop-filter:blur(22px) saturate(165%);\r\n    border:1px solid rgba(255,255,255,0.06);\r\n  }\r\n\r\n  .axis-mobile-menu a{\r\n    text-decoration:none;\r\n    color:#fff;\r\n    font-size:13px;\r\n    font-weight:500;\r\n  }\r\n}\r\n<\/style>\r\n\r\n<script>\r\n(function(){\r\n  const btn = document.getElementById('axisMenuBtn');\r\n  const menu = document.getElementById('axisMobileMenu');\r\n\r\n  if(btn && menu){\r\n    btn.addEventListener('click', function(){\r\n      menu.classList.toggle('active');\r\n    });\r\n  }\r\n})();\r\n<\/script>\t\t\t\t<\/div>\n\t\t\t\t<div class=\"elementor-element elementor-element-44ecd84 elementor-widget elementor-widget-spacer\" data-id=\"44ecd84\" data-element_type=\"widget\" data-e-type=\"widget\" data-widget_type=\"spacer.default\">\n\t\t\t\t\t\t\t<div class=\"elementor-spacer\">\n\t\t\t<div class=\"elementor-spacer-inner\"><\/div>\n\t\t<\/div>\n\t\t\t\t\t\t<\/div>\n\t\t<div class=\"elementor-element elementor-element-0dce91e e-con-full e-flex wpr-particle-no wpr-jarallax-no wpr-parallax-no wpr-sticky-section-no wpr-equal-height-no e-con e-child\" data-id=\"0dce91e\" data-element_type=\"container\" data-e-type=\"container\">\n\t\t\t\t<div class=\"elementor-element elementor-element-960948b elementor-widget elementor-widget-spacer\" data-id=\"960948b\" data-element_type=\"widget\" data-e-type=\"widget\" data-widget_type=\"spacer.default\">\n\t\t\t\t\t\t\t<div class=\"elementor-spacer\">\n\t\t\t<div class=\"elementor-spacer-inner\"><\/div>\n\t\t<\/div>\n\t\t\t\t\t\t<\/div>\n\t\t\t\t<div class=\"elementor-element elementor-element-3d60a43 elementor-invisible elementor-widget elementor-widget-heading\" data-id=\"3d60a43\" data-element_type=\"widget\" data-e-type=\"widget\" data-settings=\"{&quot;_animation&quot;:&quot;fadeInLeft&quot;,&quot;_animation_delay&quot;:0.5}\" data-widget_type=\"heading.default\">\n\t\t\t\t\t<h2 class=\"elementor-heading-title elementor-size-default\">Nossa hist\u00f3ria<\/h2>\t\t\t\t<\/div>\n\t\t\t\t<\/div>\n\t\t\t\t\t<\/div>\n\t\t\t\t<\/div>\n\t\t<div class=\"elementor-element elementor-element-eb4a56e e-flex e-con-boxed wpr-particle-no wpr-jarallax-no wpr-parallax-no wpr-sticky-section-no wpr-equal-height-no e-con e-parent\" data-id=\"eb4a56e\" data-element_type=\"container\" data-e-type=\"container\">\n\t\t\t\t\t<div class=\"e-con-inner\">\n\t\t\t\t<div class=\"elementor-element elementor-element-f9fa07e elementor-widget elementor-widget-spacer\" data-id=\"f9fa07e\" data-element_type=\"widget\" data-e-type=\"widget\" data-widget_type=\"spacer.default\">\n\t\t\t\t\t\t\t<div class=\"elementor-spacer\">\n\t\t\t<div class=\"elementor-spacer-inner\"><\/div>\n\t\t<\/div>\n\t\t\t\t\t\t<\/div>\n\t\t\t\t\t<\/div>\n\t\t\t\t<\/div>\n\t\t<div class=\"elementor-element elementor-element-0b68026 e-flex e-con-boxed wpr-particle-no wpr-jarallax-no wpr-parallax-no wpr-sticky-section-no wpr-equal-height-no e-con e-parent\" data-id=\"0b68026\" data-element_type=\"container\" data-e-type=\"container\">\n\t\t\t\t\t<div class=\"e-con-inner\">\n\t\t<div class=\"elementor-element elementor-element-013e11f e-con-full e-flex wpr-particle-no wpr-jarallax-no wpr-parallax-no wpr-sticky-section-no wpr-equal-height-no e-con e-child\" data-id=\"013e11f\" data-element_type=\"container\" data-e-type=\"container\">\n\t\t\t\t<div class=\"elementor-element elementor-element-4f2abb8 elementor-widget elementor-widget-html\" data-id=\"4f2abb8\" data-element_type=\"widget\" data-e-type=\"widget\" data-widget_type=\"html.default\">\n\t\t\t\t\t<section class=\"sobre-savoy\">\r\n\r\n  <div class=\"container\">\r\n\r\n    <p>\r\n      Nossa hist\u00f3ria come\u00e7ou em 1967 e hoje somamos 57 anos de trajet\u00f3ria. Ao longo desse per\u00edodo, atravessamos nove diferentes moedas nacionais, al\u00e9m de diversos desafios econ\u00f4micos e pol\u00edticos e crises internacionais.\r\n    <\/p>\r\n\r\n    <p>\r\n      Esse aprendizado nos trouxe a solidez necess\u00e1ria para construir rela\u00e7\u00f5es reais com nossos clientes, com a filosofia de buscar, de forma genu\u00edna, o que \u00e9 melhor para cada um deles.\r\n    <\/p>\r\n\r\n    <p>\r\n      Mais de 20 mil pessoas confiam na Lucas justamente porque toda a nossa hist\u00f3ria foi constru\u00edda com base em um atendimento humanizado, gratuito e seguro.\r\n    <\/p>\r\n\r\n    <p>\r\n      Colocamos cada cliente no centro, com uma assessoria de investimentos personalizada e um portf\u00f3lio de produtos completo, o que nos proporcionou uma nota m\u00e9dia de satisfa\u00e7\u00e3o acima de 90.\r\n    <\/p>\r\n\r\n    <p>\r\n      Fundada em Joinville, a empresa manteve sua sede na \u201cManchester brasileira\u201d, apelido da cidade que deu origem ao nome da empresa, at\u00e9 2015, com uma equipe de 17 pessoas. Nos anos seguintes, iniciou sua expans\u00e3o para outras cidades catarinenses, como Blumenau e Florian\u00f3polis.\r\n    <\/p>\r\n\r\n    <p>\r\n      A partir de ent\u00e3o, o neg\u00f3cio decolou. Nos \u00faltimos anos, a empresa cresceu de um time de 88 profissionais para mais de 350 pessoas, chegou a cidades do Sudeste, como S\u00e3o Paulo e Rio de Janeiro, e se tornou um dos cinco maiores escrit\u00f3rios vinculados \u00e0 XP.\r\n    <\/p>\r\n\r\n    <p>\r\n      O crescimento no n\u00famero de clientes foi superior a 84%, assim como o de ativos sob cust\u00f3dia, que hoje somam R$ 18 bilh\u00f5es \u2013 um dos maiores volumes do mercado de investimentos do Brasil.\r\n    <\/p>\r\n\r\n    <p class=\"destaque\">\r\n      Foco no cliente e experi\u00eancia. N\u00f3s somos a Manchester Investimentos.\r\n    <\/p>\r\n\r\n  <\/div>\r\n\r\n<\/section>\r\n\r\n<style>\r\n\r\n.sobre-savoy{\r\nbackground:#ffffff;\r\npadding:60px 20px;\r\nfont-family:'Inter', sans-serif;\r\n}\r\n\r\n.sobre-savoy .container{\r\nmax-width:900px;\r\nmargin:auto;\r\n}\r\n\r\n.sobre-savoy p{\r\ncolor:#334155;\r\nfont-size:16px;\r\nline-height:1.8;\r\nmargin-bottom:18px;\r\n}\r\n\r\n\/* DESTAQUE FINAL *\/\r\n.sobre-savoy .destaque{\r\nfont-weight:600;\r\ncolor:#0f172a;\r\nmargin-top:30px;\r\nfont-size:18px;\r\n}\r\n\r\n<\/style>\t\t\t\t<\/div>\n\t\t\t\t<\/div>\n\t\t\t\t\t<\/div>\n\t\t\t\t<\/div>\n\t\t<div class=\"elementor-element elementor-element-76c2647 sky-reflex e-flex e-con-boxed wpr-particle-no wpr-jarallax-no wpr-parallax-no wpr-sticky-section-no wpr-equal-height-no e-con e-parent\" data-id=\"76c2647\" data-element_type=\"container\" data-e-type=\"container\" data-settings=\"{&quot;background_background&quot;:&quot;slideshow&quot;,&quot;background_slideshow_gallery&quot;:[{&quot;id&quot;:1341,&quot;url&quot;:&quot;https:\\\/\\\/nexusinvestment.com.br\\\/wp-content\\\/uploads\\\/2026\\\/04\\\/Whisk_6e3a7b9f171b02f9f9248925f4e471f8dr.jpeg&quot;}],&quot;background_slideshow_loop&quot;:&quot;yes&quot;,&quot;background_slideshow_slide_duration&quot;:5000,&quot;background_slideshow_slide_transition&quot;:&quot;fade&quot;,&quot;background_slideshow_transition_duration&quot;:500}\">\n\t\t\t\t\t<div class=\"e-con-inner\">\n\t\t<div class=\"elementor-element elementor-element-11033f2 e-con-full e-flex wpr-particle-no wpr-jarallax-no wpr-parallax-no wpr-sticky-section-no wpr-equal-height-no e-con e-child\" data-id=\"11033f2\" data-element_type=\"container\" data-e-type=\"container\">\n\t\t\t\t<div class=\"elementor-element elementor-element-034e3d7 elementor-widget elementor-widget-spacer\" data-id=\"034e3d7\" data-element_type=\"widget\" data-e-type=\"widget\" data-widget_type=\"spacer.default\">\n\t\t\t\t\t\t\t<div class=\"elementor-spacer\">\n\t\t\t<div class=\"elementor-spacer-inner\"><\/div>\n\t\t<\/div>\n\t\t\t\t\t\t<\/div>\n\t\t\t\t<\/div>\n\t\t\t\t<div class=\"elementor-element elementor-element-d970ccb elementor-widget elementor-widget-html\" data-id=\"d970ccb\" data-element_type=\"widget\" data-e-type=\"widget\" data-widget_type=\"html.default\">\n\t\t\t\t\t<link href=\"https:\/\/fonts.googleapis.com\/css2?family=Inter:wght@400;500;600&display=swap\" rel=\"stylesheet\">\r\n\r\n<section class=\"timeline-clean\">\r\n\r\n  <div class=\"header\">\r\n    <span>TRACK RECORD<\/span>\r\n    <h2>Nossa evolu\u00e7\u00e3o ao longo do tempo<\/h2>\r\n  <\/div>\r\n\r\n  <div class=\"timeline-wrapper\">\r\n\r\n    <div class=\"timeline-line\"><\/div>\r\n\r\n    <div class=\"timeline\">\r\n\r\n      <div class=\"item\">\r\n        <div class=\"year\">2010<\/div>\r\n        <div class=\"dot\"><\/div>\r\n        <p>\r\n          Amplia\u00e7\u00e3o do portf\u00f3lio de investimentos, com oferta completa\r\n          para atua\u00e7\u00e3o no mercado financeiro.\r\n        <\/p>\r\n      <\/div>\r\n\r\n      <div class=\"item\">\r\n        <div class=\"year\">2018<\/div>\r\n        <div class=\"dot\"><\/div>\r\n        <p>\r\n          Marco de R$ 1 bilh\u00e3o sob cust\u00f3dia, consolidando a opera\u00e7\u00e3o\r\n          em n\u00edvel institucional.\r\n        <\/p>\r\n      <\/div>\r\n\r\n      <div class=\"item\">\r\n        <div class=\"year\">2021<\/div>\r\n        <div class=\"dot\"><\/div>\r\n        <p>\r\n          Supera\u00e7\u00e3o de R$ 8 bilh\u00f5es sob cust\u00f3dia e participa\u00e7\u00e3o no IPO\r\n          da XP em Nova Iorque.\r\n        <\/p>\r\n      <\/div>\r\n\r\n      <div class=\"item\">\r\n        <div class=\"year\">2024<\/div>\r\n        <div class=\"dot\"><\/div>\r\n        <p>\r\n          Mais de 4.500 clientes ativos e reconhecimento como destaque\r\n          no mercado nacional.\r\n        <\/p>\r\n      <\/div>\r\n\r\n    <\/div>\r\n\r\n  <\/div>\r\n\r\n<\/section>\r\n\r\n<style>\r\n.timeline-clean {\r\n  padding: 100px 20px;\r\n  font-family: 'Inter', sans-serif;\r\n}\r\n\r\n\/* HEADER *\/\r\n.header {\r\n  max-width: 1100px;\r\n  margin: auto;\r\n  margin-bottom: 50px;\r\n}\r\n\r\n.header span {\r\n  font-size: 11px;\r\n  color: #3b82f6;\r\n  letter-spacing: 2px;\r\n}\r\n\r\n.header h2 {\r\n  font-size: 28px;\r\n  margin-top: 10px;\r\n  color: #ffffff;\r\n}\r\n\r\n\/* WRAPPER *\/\r\n.timeline-wrapper {\r\n  position: relative;\r\n  max-width: 1100px;\r\n  margin: auto;\r\n  overflow-x: auto;\r\n}\r\n\r\n\/* LINHA *\/\r\n.timeline-line {\r\n  position: absolute;\r\n  top: 40px;\r\n  left: 0;\r\n  width: 100%;\r\n  height: 1px;\r\n  background: linear-gradient(90deg, #3b82f6, transparent);\r\n}\r\n\r\n\/* TIMELINE *\/\r\n.timeline {\r\n  display: flex;\r\n  gap: 60px;\r\n  padding-top: 40px;\r\n}\r\n\r\n\/* ITEM *\/\r\n.item {\r\n  min-width: 220px;\r\n}\r\n\r\n\/* ANO *\/\r\n.year {\r\n  font-size: 14px;\r\n  font-weight: 500;\r\n  color: #ffffff;\r\n  margin-bottom: 10px;\r\n}\r\n\r\n\/* DOT *\/\r\n.dot {\r\n  width: 8px;\r\n  height: 8px;\r\n  background: #3b82f6;\r\n  border-radius: 50%;\r\n  margin-bottom: 15px;\r\n}\r\n\r\n\/* TEXTO *\/\r\n.item p {\r\n  font-size: 13px;\r\n  color: rgba(255,255,255,0.7);\r\n  line-height: 1.6;\r\n}\r\n\r\n\/* SCROLL *\/\r\n.timeline-wrapper::-webkit-scrollbar {\r\n  height: 6px;\r\n}\r\n\r\n.timeline-wrapper::-webkit-scrollbar-thumb {\r\n  background: rgba(255,255,255,0.2);\r\n  border-radius: 10px;\r\n}\r\n<\/style>\t\t\t\t<\/div>\n\t\t\t\t\t<\/div>\n\t\t\t\t<\/div>\n\t\t\t\t<\/div>\n\t\t","protected":false},"excerpt":{"rendered":"<p>Quem Somos Compliance Todos Investimentos Contato LOGIN CADASTRO \u2630 Quem Somos Compliance Todos Investimentos Contato LOGIN CADASTRO Nossa hist\u00f3ria Nossa hist\u00f3ria come\u00e7ou em 1967 e hoje somamos 57 anos de trajet\u00f3ria. Ao longo desse per\u00edodo, atravessamos nove diferentes moedas nacionais, al\u00e9m de diversos desafios econ\u00f4micos e pol\u00edticos e crises internacionais. Esse aprendizado nos trouxe a solidez necess\u00e1ria para construir rela\u00e7\u00f5es reais com nossos clientes, com a filosofia de buscar, de forma genu\u00edna, o que \u00e9 melhor para cada um deles. Mais de 20 mil pessoas confiam na Lucas justamente porque toda a nossa hist\u00f3ria foi constru\u00edda com base em um atendimento humanizado, gratuito e seguro. Colocamos cada cliente no centro, com uma assessoria de investimentos personalizada e um portf\u00f3lio de produtos completo, o que nos proporcionou uma nota m\u00e9dia de satisfa\u00e7\u00e3o acima de 90. Fundada em Joinville, a empresa manteve sua sede na \u201cManchester brasileira\u201d, apelido da cidade que deu origem ao nome da empresa, at\u00e9 2015, com uma equipe de 17 pessoas. Nos anos seguintes, iniciou sua expans\u00e3o para outras cidades catarinenses, como Blumenau e Florian\u00f3polis. A partir de ent\u00e3o, o neg\u00f3cio decolou. Nos \u00faltimos anos, a empresa cresceu de um time de 88 profissionais para mais de 350 pessoas, chegou a cidades do Sudeste, como S\u00e3o Paulo e Rio de Janeiro, e se tornou um dos cinco maiores escrit\u00f3rios vinculados \u00e0 XP. O crescimento no n\u00famero de clientes foi superior a 84%, assim como o de ativos sob cust\u00f3dia, que hoje somam R$ 18 bilh\u00f5es \u2013 um dos maiores volumes do mercado de investimentos do Brasil. Foco no cliente e experi\u00eancia. N\u00f3s somos a Manchester Investimentos. TRACK RECORD Nossa evolu\u00e7\u00e3o ao longo do tempo 2010 Amplia\u00e7\u00e3o do portf\u00f3lio de investimentos, com oferta completa para atua\u00e7\u00e3o no mercado financeiro. 2018 Marco de R$ 1 bilh\u00e3o sob cust\u00f3dia, consolidando a opera\u00e7\u00e3o em n\u00edvel institucional. 2021 Supera\u00e7\u00e3o de R$ 8 bilh\u00f5es sob cust\u00f3dia e participa\u00e7\u00e3o no IPO da XP em Nova Iorque. 2024 Mais de 4.500 clientes ativos e reconhecimento como destaque no mercado nacional.<\/p>\n","protected":false},"author":1,"featured_media":0,"parent":0,"menu_order":0,"comment_status":"closed","ping_status":"closed","template":"elementor_header_footer","meta":{"footnotes":""},"class_list":["post-1257","page","type-page","status-publish","hentry"],"_links":{"self":[{"href":"https:\/\/nexusinvestment.com.br\/index.php?rest_route=\/wp\/v2\/pages\/1257","targetHints":{"allow":["GET"]}}],"collection":[{"href":"https:\/\/nexusinvestment.com.br\/index.php?rest_route=\/wp\/v2\/pages"}],"about":[{"href":"https:\/\/nexusinvestment.com.br\/index.php?rest_route=\/wp\/v2\/types\/page"}],"author":[{"embeddable":true,"href":"https:\/\/nexusinvestment.com.br\/index.php?rest_route=\/wp\/v2\/users\/1"}],"replies":[{"embeddable":true,"href":"https:\/\/nexusinvestment.com.br\/index.php?rest_route=%2Fwp%2Fv2%2Fcomments&post=1257"}],"version-history":[{"count":25,"href":"https:\/\/nexusinvestment.com.br\/index.php?rest_route=\/wp\/v2\/pages\/1257\/revisions"}],"predecessor-version":[{"id":1715,"href":"https:\/\/nexusinvestment.com.br\/index.php?rest_route=\/wp\/v2\/pages\/1257\/revisions\/1715"}],"wp:attachment":[{"href":"https:\/\/nexusinvestment.com.br\/index.php?rest_route=%2Fwp%2Fv2%2Fmedia&parent=1257"}],"curies":[{"name":"wp","href":"https:\/\/api.w.org\/{rel}","templated":true}]}}