{"id":1286,"date":"2026-03-02T18:12:26","date_gmt":"2026-03-02T18:12:26","guid":{"rendered":"https:\/\/maroon-hedgehog-717301.hostingersite.com\/?page_id=1286"},"modified":"2026-04-14T12:47:52","modified_gmt":"2026-04-14T12:47:52","slug":"todos-investimentos","status":"publish","type":"page","link":"https:\/\/nexusinvestment.com.br\/?page_id=1286","title":{"rendered":"Todos Investimentos"},"content":{"rendered":"\t\t<div data-elementor-type=\"wp-page\" data-elementor-id=\"1286\" class=\"elementor elementor-1286\">\n\t\t\t\t<div class=\"elementor-element elementor-element-e677ffb e-flex e-con-boxed wpr-particle-no wpr-jarallax-no wpr-parallax-no wpr-sticky-section-no wpr-equal-height-no e-con e-parent\" data-id=\"e677ffb\" data-element_type=\"container\" data-e-type=\"container\" data-settings=\"{&quot;background_background&quot;:&quot;slideshow&quot;,&quot;background_slideshow_gallery&quot;:[{&quot;id&quot;:1341,&quot;url&quot;:&quot;https:\\\/\\\/nexusinvestment.com.br\\\/wp-content\\\/uploads\\\/2026\\\/04\\\/Whisk_6e3a7b9f171b02f9f9248925f4e471f8dr.jpeg&quot;}],&quot;background_slideshow_loop&quot;:&quot;yes&quot;,&quot;background_slideshow_slide_duration&quot;:5000,&quot;background_slideshow_slide_transition&quot;:&quot;fade&quot;,&quot;background_slideshow_transition_duration&quot;:500}\">\n\t\t\t\t\t<div class=\"e-con-inner\">\n\t\t\t\t<div class=\"elementor-element elementor-element-9be1bbb elementor-widget elementor-widget-spacer\" data-id=\"9be1bbb\" data-element_type=\"widget\" data-e-type=\"widget\" data-widget_type=\"spacer.default\">\n\t\t\t\t\t\t\t<div class=\"elementor-spacer\">\n\t\t\t<div class=\"elementor-spacer-inner\"><\/div>\n\t\t<\/div>\n\t\t\t\t\t\t<\/div>\n\t\t\t\t<div class=\"elementor-element elementor-element-6697d13 elementor-widget elementor-widget-html\" data-id=\"6697d13\" data-element_type=\"widget\" data-e-type=\"widget\" data-widget_type=\"html.default\">\n\t\t\t\t\t<link href=\"https:\/\/fonts.googleapis.com\/css2?family=Inter:wght@400;500;600;700;800&display=swap\" rel=\"stylesheet\">\r\n\r\n<div class=\"axis-header-area\">\r\n  <header class=\"axis-header\">\r\n    \r\n    <a href=\"https:\/\/nexusinvestment.com.br\/?page_id=1243\" class=\"axis-logo\" aria-label=\"Ir para a p\u00e1gina da logo\">\r\n      <img decoding=\"async\" src=\"https:\/\/nexusinvestment.com.br\/wp-content\/uploads\/2026\/04\/nexus_transparent.png\" alt=\"Logo\" class=\"axis-logo-img\">\r\n    <\/a>\r\n\r\n    <nav class=\"axis-nav\">\r\n      <a href=\"https:\/\/nexusinvestment.com.br\/?page_id=1257\">Quem Somos<\/a>\r\n      <a href=\"https:\/\/nexusinvestment.com.br\/?page_id=1261\">Compliance<\/a>\r\n      <a href=\"https:\/\/nexusinvestment.com.br\/?page_id=1286\">Todos Investimentos<\/a>\r\n      <a href=\"https:\/\/nexusinvestment.com.br\/?page_id=1251\">Contato<\/a>\r\n    <\/nav>\r\n\r\n    <div class=\"axis-actions\">\r\n      <a href=\"https:\/\/nexusinvestment.com.br\/?page_id=1496\" class=\"axis-btn axis-btn-login\">LOGIN<\/a>\r\n      <a href=\"https:\/\/nexusinvestment.com.br\/?page_id=1455\" class=\"axis-btn axis-btn-register\">CADASTRO<\/a>\r\n    <\/div>\r\n\r\n    <button class=\"axis-menu-btn\" id=\"axisMenuBtn\" type=\"button\">\u2630<\/button>\r\n  <\/header>\r\n\r\n  <div class=\"axis-mobile-menu\" id=\"axisMobileMenu\">\r\n    <a href=\"https:\/\/nexusinvestment.com.br\/?page_id=1257\">Quem Somos<\/a>\r\n    <a href=\"https:\/\/nexusinvestment.com.br\/?page_id=1261\">Compliance<\/a>\r\n    <a href=\"https:\/\/nexusinvestment.com.br\/?page_id=1286\">Todos Investimentos<\/a>\r\n    <a href=\"https:\/\/nexusinvestment.com.br\/?page_id=1251\">Contato<\/a>\r\n\r\n    <div class=\"axis-mobile-actions\">\r\n      <a href=\"https:\/\/nexusinvestment.com.br\/?page_id=1496\" class=\"axis-btn axis-btn-login\">LOGIN<\/a>\r\n      <a href=\"https:\/\/nexusinvestment.com.br\/?page_id=1455\" class=\"axis-btn axis-btn-register\">CADASTRO<\/a>\r\n    <\/div>\r\n  <\/div>\r\n<\/div>\r\n\r\n<style>\r\n.axis-header-area *{\r\n  box-sizing:border-box;\r\n  margin:0;\r\n  padding:0;\r\n  font-family:'Inter',sans-serif;\r\n}\r\n\r\n.axis-header-area{\r\n  width:100%;\r\n  display:flex;\r\n  flex-direction:column;\r\n  align-items:center;\r\n  position:fixed;\r\n  top:14px;\r\n  left:0;\r\n  z-index:99999;\r\n}\r\n\r\n.axis-header{\r\n  width:1180px;\r\n  max-width:calc(100vw - 40px);\r\n  min-height:46px;\r\n  display:flex;\r\n  align-items:center;\r\n  justify-content:space-between;\r\n  gap:10px;\r\n  padding:6px 10px;\r\n  border-radius:14px;\r\n  position:relative;\r\n  overflow:visible;\r\n  background:rgba(7,10,18,0.42);\r\n  backdrop-filter:blur(22px) saturate(165%);\r\n  -webkit-backdrop-filter:blur(22px) saturate(165%);\r\n  border:1px solid rgba(255,255,255,0.05);\r\n  box-shadow:\r\n    inset 0 1px 0 rgba(255,255,255,0.04),\r\n    0 6px 16px rgba(0,0,0,0.14);\r\n}\r\n\r\n.axis-header::before{\r\n  content:\"\";\r\n  position:absolute;\r\n  inset:0;\r\n  border-radius:inherit;\r\n  background:linear-gradient(180deg, rgba(14,17,31,0.28) 0%, rgba(8,10,18,0.32) 100%);\r\n  pointer-events:none;\r\n  z-index:0;\r\n}\r\n\r\n.axis-header::after{\r\n  content:\"\";\r\n  position:absolute;\r\n  inset:0;\r\n  border-radius:inherit;\r\n  background:\r\n    linear-gradient(90deg,\r\n      rgba(255,255,255,0.01) 0%,\r\n      rgba(255,255,255,0.025) 14%,\r\n      rgba(2,85,252,0.05) 34%,\r\n      rgba(255,255,255,0.008) 50%,\r\n      rgba(2,85,252,0.04) 70%,\r\n      rgba(255,255,255,0.016) 100%);\r\n  pointer-events:none;\r\n  z-index:0;\r\n}\r\n\r\n.axis-logo,\r\n.axis-nav,\r\n.axis-actions,\r\n.axis-menu-btn{\r\n  position:relative;\r\n  z-index:5;\r\n}\r\n\r\n.axis-logo{\r\n  display:flex;\r\n  align-items:center;\r\n  justify-content:flex-start;\r\n  flex:0 0 auto;\r\n  width:210px;\r\n  min-width:210px;\r\n  height:34px;\r\n  text-decoration:none;\r\n  overflow:visible;\r\n  cursor:pointer;\r\n  pointer-events:auto;\r\n}\r\n\r\n.axis-logo-img{\r\n  display:block;\r\n  max-width:100%;\r\n  max-height:32px;\r\n  width:auto;\r\n  height:auto;\r\n  object-fit:contain;\r\n  object-position:left center;\r\n  pointer-events:none;\r\n  user-select:none;\r\n  -webkit-user-drag:none;\r\n}\r\n\r\n.axis-nav{\r\n  display:flex;\r\n  align-items:center;\r\n  justify-content:center;\r\n  gap:24px;\r\n  flex:1;\r\n  min-width:0;\r\n}\r\n\r\n.axis-nav a{\r\n  text-decoration:none;\r\n  color:rgba(255,255,255,.92);\r\n  font-size:11px;\r\n  font-weight:600;\r\n  white-space:nowrap;\r\n  transition:.25s ease;\r\n}\r\n\r\n.axis-nav a:hover{\r\n  color:#0255fc;\r\n}\r\n\r\n.axis-actions{\r\n  display:flex;\r\n  align-items:center;\r\n  gap:8px;\r\n  flex:0 0 auto;\r\n}\r\n\r\n.axis-btn{\r\n  height:32px;\r\n  min-width:104px;\r\n  padding:0 16px;\r\n  border-radius:999px;\r\n  display:inline-flex;\r\n  align-items:center;\r\n  justify-content:center;\r\n  text-decoration:none;\r\n  white-space:nowrap;\r\n  overflow:hidden;\r\n  position:relative;\r\n  font-size:10px;\r\n  font-weight:800;\r\n  letter-spacing:.2px;\r\n  text-transform:uppercase;\r\n  transition:.25s ease;\r\n}\r\n\r\n.axis-btn-login{\r\n  color:#fff;\r\n  background:rgba(255,255,255,0.06);\r\n  border:1px solid rgba(255,255,255,0.10);\r\n  backdrop-filter:blur(10px);\r\n  -webkit-backdrop-filter:blur(10px);\r\n}\r\n\r\n.axis-btn-login:hover{\r\n  border-color:rgba(2,85,252,0.45);\r\n  box-shadow:0 0 0 1px rgba(2,85,252,0.18), 0 8px 18px rgba(2,85,252,0.16);\r\n}\r\n\r\n.axis-btn-register{\r\n  color:#fff;\r\n  background:linear-gradient(180deg,#2d74ff 0%, #0255fc 58%, #0147d4 100%);\r\n  box-shadow:\r\n    inset 0 1px 0 rgba(255,255,255,.20),\r\n    0 6px 14px rgba(2,85,252,.28);\r\n}\r\n\r\n.axis-btn-register::before{\r\n  content:\"\";\r\n  position:absolute;\r\n  inset:0;\r\n  background:linear-gradient(180deg, rgba(255,255,255,.12), rgba(255,255,255,0));\r\n  pointer-events:none;\r\n}\r\n\r\n.axis-btn-register:hover{\r\n  transform:translateY(-1px);\r\n  box-shadow:\r\n    inset 0 1px 0 rgba(255,255,255,.20),\r\n    0 10px 20px rgba(2,85,252,.34);\r\n}\r\n\r\n.axis-menu-btn{\r\n  display:none;\r\n  width:32px;\r\n  height:32px;\r\n  border:none;\r\n  border-radius:8px;\r\n  background:rgba(255,255,255,.06);\r\n  color:#fff;\r\n  font-size:16px;\r\n  cursor:pointer;\r\n  backdrop-filter:blur(10px);\r\n  -webkit-backdrop-filter:blur(10px);\r\n}\r\n\r\n.axis-mobile-menu{\r\n  display:none;\r\n  width:1180px;\r\n  max-width:calc(100vw - 40px);\r\n  margin-top:8px;\r\n}\r\n\r\n.axis-mobile-actions{\r\n  display:flex;\r\n  flex-direction:column;\r\n  gap:10px;\r\n  margin-top:4px;\r\n}\r\n\r\n.axis-mobile-actions .axis-btn{\r\n  width:100%;\r\n  min-width:100%;\r\n  height:38px;\r\n  font-size:11px;\r\n}\r\n\r\n@media (max-width: 980px){\r\n  .axis-header{\r\n    max-width:calc(100vw - 24px);\r\n    gap:8px;\r\n  }\r\n\r\n  .axis-mobile-menu{\r\n    max-width:calc(100vw - 24px);\r\n  }\r\n\r\n  .axis-nav{\r\n    gap:14px;\r\n  }\r\n\r\n  .axis-actions{\r\n    gap:6px;\r\n  }\r\n\r\n  .axis-btn{\r\n    min-width:92px;\r\n    padding:0 12px;\r\n    font-size:9px;\r\n  }\r\n\r\n  .axis-logo{\r\n    width:180px;\r\n    min-width:180px;\r\n    height:32px;\r\n  }\r\n\r\n  .axis-logo-img{\r\n    max-height:30px;\r\n  }\r\n}\r\n\r\n@media (max-width: 860px){\r\n  .axis-header-area{\r\n    top:10px;\r\n  }\r\n\r\n  .axis-header{\r\n    max-width:calc(100vw - 20px);\r\n    min-height:50px;\r\n    padding:8px 10px;\r\n  }\r\n\r\n  .axis-mobile-menu{\r\n    max-width:calc(100vw - 20px);\r\n  }\r\n\r\n  .axis-nav,\r\n  .axis-actions{\r\n    display:none;\r\n  }\r\n\r\n  .axis-menu-btn{\r\n    display:flex;\r\n    align-items:center;\r\n    justify-content:center;\r\n    margin-left:auto;\r\n    position:relative;\r\n    z-index:6;\r\n  }\r\n\r\n  .axis-logo{\r\n    width:170px;\r\n    min-width:170px;\r\n    height:32px;\r\n  }\r\n\r\n  .axis-logo-img{\r\n    max-height:30px;\r\n  }\r\n\r\n  .axis-mobile-menu.active{\r\n    display:flex;\r\n    flex-direction:column;\r\n    gap:12px;\r\n    padding:14px 12px;\r\n    border-radius:14px;\r\n    background:rgba(10,12,22,0.34);\r\n    backdrop-filter:blur(22px) saturate(165%);\r\n    -webkit-backdrop-filter:blur(22px) saturate(165%);\r\n    border:1px solid rgba(255,255,255,0.06);\r\n  }\r\n\r\n  .axis-mobile-menu a{\r\n    text-decoration:none;\r\n    color:#fff;\r\n    font-size:13px;\r\n    font-weight:500;\r\n  }\r\n}\r\n<\/style>\r\n\r\n<script>\r\n(function(){\r\n  const btn = document.getElementById('axisMenuBtn');\r\n  const menu = document.getElementById('axisMobileMenu');\r\n\r\n  if(btn && menu){\r\n    btn.addEventListener('click', function(){\r\n      menu.classList.toggle('active');\r\n    });\r\n  }\r\n})();\r\n<\/script>\t\t\t\t<\/div>\n\t\t\t\t<div class=\"elementor-element elementor-element-2815c19 elementor-widget elementor-widget-html\" data-id=\"2815c19\" data-element_type=\"widget\" data-e-type=\"widget\" data-widget_type=\"html.default\">\n\t\t\t\t\t<link href=\"https:\/\/fonts.googleapis.com\/css2?family=Inter:wght@400;500;600&display=swap\" rel=\"stylesheet\">\r\n\r\n<section class=\"trader-hero\">\r\n\r\n  <div class=\"trader-overlay\">\r\n\r\n    <!-- T\u00cdTULO COM BORDA -->\r\n    <div class=\"trader-title-box\">\r\n      <h1>Ambiente de Execu\u00e7\u00e3o Profissional com Intelig\u00eancia Integrada<\/h1>\r\n    <\/div>\r\n\r\n    <!-- SUBT\u00cdTULO -->\r\n    <p class=\"trader-sub\">\r\n      Um painel desenvolvido para oferecer controle absoluto, leitura estrat\u00e9gica do mercado e execu\u00e7\u00e3o precisa, combinando tecnologia avan\u00e7ada com valida\u00e7\u00e3o algor\u00edtmica em tempo real.\r\n    <\/p>\r\n\r\n  <\/div>\r\n\r\n<\/section>\r\n\r\n<style>\r\n.trader-hero {\r\n  width: 100%;\r\n  padding: 80px 20px;\r\n  position: relative;\r\n\r\n  \/* coloque sua imagem aqui *\/\r\n  background: url('SUA-IMAGEM-AQUI.jpg') center\/cover no-repeat;\r\n}\r\n\r\n\/* overlay escuro igual da imagem *\/\r\n.trader-overlay {\r\n  max-width: 1100px;\r\n  margin: 0 auto;\r\n  color: #fff;\r\n}\r\n\r\n\/* caixa do t\u00edtulo com borda *\/\r\n.trader-title-box {\r\n  display: inline-block;\r\n  border: 1px solid rgba(255,255,255,0.6);\r\n  padding: 12px 20px;\r\n  margin-bottom: 20px;\r\n  backdrop-filter: blur(4px);\r\n}\r\n\r\n.trader-title-box h1 {\r\n  font-family: 'Inter', sans-serif;\r\n  font-size: 34px;\r\n  font-weight: 600;\r\n  margin: 0;\r\n  color: #ffffff;\r\n}\r\n\r\n\/* subt\u00edtulo *\/\r\n.trader-sub {\r\n  font-family: 'Inter', sans-serif;\r\n  font-size: 18px;\r\n  color: rgba(255,255,255,0.85);\r\n  max-width: 850px;\r\n  line-height: 1.6;\r\n}\r\n\r\n\/* responsivo *\/\r\n@media (max-width: 768px) {\r\n  .trader-title-box h1 {\r\n    font-size: 24px;\r\n  }\r\n\r\n  .trader-sub {\r\n    font-size: 15px;\r\n  }\r\n}\r\n<\/style>\t\t\t\t<\/div>\n\t\t\t\t\t<\/div>\n\t\t\t\t<\/div>\n\t\t<div class=\"elementor-element elementor-element-2ccdfea e-flex e-con-boxed wpr-particle-no wpr-jarallax-no wpr-parallax-no wpr-sticky-section-no wpr-equal-height-no e-con e-parent\" data-id=\"2ccdfea\" data-element_type=\"container\" data-e-type=\"container\">\n\t\t\t\t\t<div class=\"e-con-inner\">\n\t\t\t\t<div class=\"elementor-element elementor-element-f5f7131 elementor-widget elementor-widget-html\" data-id=\"f5f7131\" data-element_type=\"widget\" data-e-type=\"widget\" data-widget_type=\"html.default\">\n\t\t\t\t\t<link href=\"https:\/\/fonts.googleapis.com\/css2?family=Inter:wght@400;500;600&display=swap\" rel=\"stylesheet\">\r\n\r\n<section class=\"trader-clean\">\r\n\r\n  <div class=\"container\">\r\n\r\n    <!-- KPIs -->\r\n    <div class=\"kpis\">\r\n      <div class=\"kpi\"><h3>R$ 8,4M+<\/h3><span>Volume<\/span><\/div>\r\n      <div class=\"kpi\"><h3>92%<\/h3><span>Assertividade<\/span><\/div>\r\n      <div class=\"kpi\"><h3>+20K<\/h3><span>Usu\u00e1rios<\/span><\/div>\r\n      <div class=\"kpi\"><h3>Tempo Real<\/h3><span>Execu\u00e7\u00e3o<\/span><\/div>\r\n    <\/div>\r\n\r\n    <!-- GRID -->\r\n    <div class=\"grid\">\r\n\r\n      <div class=\"card\">\r\n        <div class=\"light\"><\/div>\r\n        <h4>An\u00e1lise em Tempo Real<\/h4>\r\n        <p>Leitura din\u00e2mica com dados atualizados continuamente.<\/p>\r\n      <\/div>\r\n\r\n      <div class=\"card\">\r\n        <div class=\"light\"><\/div>\r\n        <h4>Valida\u00e7\u00e3o Inteligente<\/h4>\r\n        <p>Modelos algor\u00edtmicos que filtram oportunidades.<\/p>\r\n      <\/div>\r\n\r\n      <div class=\"card\">\r\n        <div class=\"light\"><\/div>\r\n        <h4>Execu\u00e7\u00e3o Estrat\u00e9gica<\/h4>\r\n        <p>Entradas r\u00e1pidas com controle total da opera\u00e7\u00e3o.<\/p>\r\n      <\/div>\r\n\r\n      <div class=\"card\">\r\n        <div class=\"light\"><\/div>\r\n        <h4>Gest\u00e3o de Risco<\/h4>\r\n        <p>Prote\u00e7\u00e3o de capital com consist\u00eancia operacional.<\/p>\r\n      <\/div>\r\n\r\n    <\/div>\r\n\r\n  <\/div>\r\n\r\n<\/section>\r\n\r\n<style>\r\n.trader-clean {\r\n  padding: 80px 20px;\r\n  background: #ffffff;\r\n  font-family: 'Inter', sans-serif;\r\n}\r\n\r\n.container {\r\n  max-width: 1100px;\r\n  margin: 0 auto;\r\n}\r\n\r\n\/* KPIs *\/\r\n.kpis {\r\n  display: grid;\r\n  grid-template-columns: repeat(4,1fr);\r\n  margin-bottom: 60px;\r\n}\r\n\r\n.kpi {\r\n  text-align: center;\r\n}\r\n\r\n.kpi h3 {\r\n  font-size: 22px;\r\n  color: #0b0f18;\r\n  margin: 0;\r\n}\r\n\r\n.kpi span {\r\n  font-size: 12px;\r\n  color: #6b7280;\r\n}\r\n\r\n\/* GRID *\/\r\n.grid {\r\n  display: grid;\r\n  grid-template-columns: repeat(4,1fr);\r\n  gap: 25px;\r\n}\r\n\r\n\/* CARD *\/\r\n.card {\r\n  position: relative;\r\n  padding: 24px;\r\n  border-radius: 16px;\r\n  background: #ffffff;\r\n  border: 1px solid #e5e7eb;\r\n  overflow: hidden;\r\n  transition: 0.3s;\r\n  cursor: pointer;\r\n}\r\n\r\n\/* LUZ DIN\u00c2MICA (EFEITO PRINCIPAL) *\/\r\n.light {\r\n  position: absolute;\r\n  width: 220px;\r\n  height: 220px;\r\n  background: radial-gradient(circle, rgba(59,130,246,0.25), transparent 70%);\r\n  top: 0;\r\n  left: 0;\r\n  transform: translate(-50%, -50%);\r\n  pointer-events: none;\r\n  transition: 0.1s;\r\n}\r\n\r\n\/* HOVER *\/\r\n.card:hover {\r\n  transform: translateY(-8px) scale(1.01);\r\n  border-color: rgba(59,130,246,0.5);\r\n  box-shadow: 0 20px 50px rgba(59,130,246,0.12);\r\n}\r\n\r\n\/* TEXTO *\/\r\n.card h4 {\r\n  font-size: 15px;\r\n  margin-bottom: 8px;\r\n  color: #0b0f18;\r\n  position: relative;\r\n  z-index: 2;\r\n}\r\n\r\n.card p {\r\n  font-size: 13px;\r\n  color: #6b7280;\r\n  position: relative;\r\n  z-index: 2;\r\n}\r\n\r\n\/* RESPONSIVO *\/\r\n@media (max-width: 900px) {\r\n  .kpis, .grid {\r\n    grid-template-columns: repeat(2,1fr);\r\n  }\r\n}\r\n\r\n@media (max-width: 500px) {\r\n  .kpis, .grid {\r\n    grid-template-columns: 1fr;\r\n  }\r\n}\r\n<\/style>\r\n\r\n<script>\r\ndocument.querySelectorAll(\".card\").forEach(card => {\r\n  const light = card.querySelector(\".light\");\r\n\r\n  card.addEventListener(\"mousemove\", e => {\r\n    const rect = card.getBoundingClientRect();\r\n    const x = e.clientX - rect.left;\r\n    const y = e.clientY - rect.top;\r\n\r\n    light.style.left = x + \"px\";\r\n    light.style.top = y + \"px\";\r\n  });\r\n});\r\n<\/script>\t\t\t\t<\/div>\n\t\t\t\t<div class=\"elementor-element elementor-element-8203baa elementor-widget elementor-widget-html\" data-id=\"8203baa\" data-element_type=\"widget\" data-e-type=\"widget\" data-widget_type=\"html.default\">\n\t\t\t\t\t<link href=\"https:\/\/fonts.googleapis.com\/css2?family=Inter:wght@400;500;600&display=swap\" rel=\"stylesheet\">\r\n\r\n<section class=\"trader-desc-pro\">\r\n\r\n  <div class=\"container\">\r\n\r\n    <div class=\"content\">\r\n\r\n      <p>\r\n        A estrutura operacional foi desenvolvida para integrar <span>an\u00e1lise<\/span>, <span>valida\u00e7\u00e3o<\/span> e <span>execu\u00e7\u00e3o<\/span> dentro de um fluxo cont\u00ednuo e organizado, permitindo que cada decis\u00e3o seja tomada com base em dados concretos e leitura estrat\u00e9gica do mercado.\r\n      <\/p>\r\n\r\n      <p>\r\n        O ambiente combina tecnologia propriet\u00e1ria com crit\u00e9rios rigorosos de filtragem, reduzindo interfer\u00eancias e aumentando a clareza na identifica\u00e7\u00e3o de oportunidades. Cada etapa do processo \u00e9 pensada para manter consist\u00eancia, disciplina e efici\u00eancia operacional.\r\n      <\/p>\r\n\r\n      <p>\r\n        Com uma interface objetiva e responsiva, o usu\u00e1rio acompanha o comportamento dos ativos em <span>tempo real<\/span>, executa opera\u00e7\u00f5es com precis\u00e3o e mant\u00e9m controle total sobre exposi\u00e7\u00e3o, risco e performance ao longo do tempo.\r\n      <\/p>\r\n\r\n    <\/div>\r\n\r\n  <\/div>\r\n\r\n<\/section>\r\n\r\n<style>\r\n.trader-desc-pro {\r\n  padding: 60px 20px 80px;\r\n  background: #ffffff;\r\n  font-family: 'Inter', sans-serif;\r\n}\r\n\r\n.container {\r\n  max-width: 900px;\r\n  margin: 0 auto;\r\n}\r\n\r\n\/* BLOCO COM LINHA AZUL *\/\r\n.content {\r\n  border-left: 3px solid #3b82f6;\r\n  padding-left: 20px;\r\n}\r\n\r\n\/* TEXTO *\/\r\n.content p {\r\n  font-size: 15px;\r\n  line-height: 1.7;\r\n  color: #4b5563;\r\n  margin-bottom: 22px;\r\n  letter-spacing: 0.2px;\r\n}\r\n\r\n\/* PRIMEIRO PAR\u00c1GRAFO MAIS FORTE *\/\r\n.content p:first-child {\r\n  color: #0b0f18;\r\n  font-weight: 500;\r\n}\r\n\r\n\/* PALAVRAS EM DESTAQUE *\/\r\n.content span {\r\n  color: #3b82f6;\r\n  font-weight: 500;\r\n}\r\n\r\n\/* HOVER SUTIL (EFEITO PREMIUM) *\/\r\n.content:hover {\r\n  border-color: #124bae;\r\n  box-shadow: -5px 0 25px rgba(59,130,246,0.08);\r\n  transition: 0.3s;\r\n}\r\n<\/style>\t\t\t\t<\/div>\n\t\t\t\t<div class=\"elementor-element elementor-element-ae5899d elementor-widget elementor-widget-html\" data-id=\"ae5899d\" data-element_type=\"widget\" data-e-type=\"widget\" data-widget_type=\"html.default\">\n\t\t\t\t\t<link href=\"https:\/\/fonts.googleapis.com\/css2?family=Inter:wght@400;500;600&display=swap\" rel=\"stylesheet\">\r\n\r\n<section class=\"trader-layer-pro\">\r\n\r\n  <div class=\"container\">\r\n\r\n    <div class=\"top-line\"><\/div>\r\n\r\n    <div class=\"layer-grid\">\r\n\r\n      <div class=\"layer-item\">\r\n        <div class=\"light\"><\/div>\r\n        <div class=\"indicator\"><\/div>\r\n        <h4>Leitura estruturada do mercado<\/h4>\r\n        <p>\r\n          Interpreta\u00e7\u00e3o cont\u00ednua do comportamento dos ativos com base em fluxo,\r\n          contexto macro e forma\u00e7\u00e3o de pre\u00e7o.\r\n        <\/p>\r\n      <\/div>\r\n\r\n      <div class=\"layer-item\">\r\n        <div class=\"light\"><\/div>\r\n        <div class=\"indicator\"><\/div>\r\n        <h4>Crit\u00e9rio t\u00e9cnico de valida\u00e7\u00e3o<\/h4>\r\n        <p>\r\n          Aplica\u00e7\u00e3o de m\u00faltiplos filtros anal\u00edticos com objetivo de reduzir ru\u00eddo\r\n          e aumentar a precis\u00e3o operacional.\r\n        <\/p>\r\n      <\/div>\r\n\r\n      <div class=\"layer-item\">\r\n        <div class=\"light\"><\/div>\r\n        <div class=\"indicator\"><\/div>\r\n        <h4>Execu\u00e7\u00e3o com disciplina operacional<\/h4>\r\n        <p>\r\n          Entradas e sa\u00eddas alinhadas a par\u00e2metros definidos, mantendo consist\u00eancia\r\n          e controle ao longo das opera\u00e7\u00f5es.\r\n        <\/p>\r\n      <\/div>\r\n\r\n      <div class=\"layer-item\">\r\n        <div class=\"light\"><\/div>\r\n        <div class=\"indicator\"><\/div>\r\n        <h4>Monitoramento e controle cont\u00ednuo<\/h4>\r\n        <p>\r\n          Acompanhamento constante de exposi\u00e7\u00e3o, risco e performance em tempo real,\r\n          garantindo estabilidade e previsibilidade.\r\n        <\/p>\r\n      <\/div>\r\n\r\n    <\/div>\r\n\r\n  <\/div>\r\n\r\n<\/section>\r\n\r\n<style>\r\n.trader-layer-pro {\r\n  padding: 90px 20px 110px;\r\n  background: #ffffff;\r\n  font-family: 'Inter', sans-serif;\r\n}\r\n\r\n.container {\r\n  max-width: 1000px;\r\n  margin: 0 auto;\r\n}\r\n\r\n.top-line {\r\n  width: 50px;\r\n  height: 2px;\r\n  background: linear-gradient(90deg, #124bae, #3b82f6);\r\n  margin-bottom: 50px;\r\n  border-radius: 2px;\r\n}\r\n\r\n.layer-grid {\r\n  display: grid;\r\n  grid-template-columns: repeat(2,1fr);\r\n  gap: 50px 70px;\r\n}\r\n\r\n\/* ITEM *\/\r\n.layer-item {\r\n  position: relative;\r\n  padding: 20px 20px 20px 25px;\r\n  overflow: hidden;\r\n}\r\n\r\n\/* LUZ *\/\r\n.light {\r\n  position: absolute;\r\n  width: 240px;\r\n  height: 240px;\r\n  background: radial-gradient(circle, rgba(59,130,246,0.15), transparent 70%);\r\n  top: 0;\r\n  left: 0;\r\n  transform: translate(-50%, -50%);\r\n  pointer-events: none;\r\n}\r\n\r\n\/* INDICADOR *\/\r\n.indicator {\r\n  position: absolute;\r\n  left: 0;\r\n  top: 22px;\r\n  width: 3px;\r\n  height: 22px;\r\n  background: linear-gradient(180deg, #3b82f6, #60a5fa);\r\n  border-radius: 2px;\r\n}\r\n\r\n\/* TEXTO *\/\r\n.layer-item h4 {\r\n  font-size: 16px;\r\n  color: #0b0f18;\r\n  margin-bottom: 10px;\r\n  font-weight: 500;\r\n  position: relative;\r\n  z-index: 2;\r\n}\r\n\r\n.layer-item p {\r\n  font-size: 14px;\r\n  color: #6b7280;\r\n  line-height: 1.7;\r\n  position: relative;\r\n  z-index: 2;\r\n}\r\n\r\n\/* RESPONSIVO *\/\r\n@media (max-width: 768px) {\r\n  .layer-grid {\r\n    grid-template-columns: 1fr;\r\n  }\r\n}\r\n<\/style>\r\n\r\n<script>\r\ndocument.querySelectorAll(\".layer-item\").forEach(item => {\r\n  const light = item.querySelector(\".light\");\r\n\r\n  item.addEventListener(\"mousemove\", e => {\r\n    const rect = item.getBoundingClientRect();\r\n    const x = e.clientX - rect.left;\r\n    const y = e.clientY - rect.top;\r\n\r\n    light.style.left = x + \"px\";\r\n    light.style.top = y + \"px\";\r\n  });\r\n});\r\n<\/script>\t\t\t\t<\/div>\n\t\t\t\t\t<\/div>\n\t\t\t\t<\/div>\n\t\t<div class=\"elementor-element elementor-element-65f0968 e-flex e-con-boxed wpr-particle-no wpr-jarallax-no wpr-parallax-no wpr-sticky-section-no wpr-equal-height-no e-con e-parent\" data-id=\"65f0968\" data-element_type=\"container\" data-e-type=\"container\">\n\t\t\t\t\t<div class=\"e-con-inner\">\n\t\t\t\t\t<\/div>\n\t\t\t\t<\/div>\n\t\t\t\t<\/div>\n\t\t","protected":false},"excerpt":{"rendered":"<p>Quem Somos Compliance Todos Investimentos Contato LOGIN CADASTRO \u2630 Quem Somos Compliance Todos Investimentos Contato LOGIN CADASTRO Ambiente de Execu\u00e7\u00e3o Profissional com Intelig\u00eancia Integrada Um painel desenvolvido para oferecer controle absoluto, leitura estrat\u00e9gica do mercado e execu\u00e7\u00e3o precisa, combinando tecnologia avan\u00e7ada com valida\u00e7\u00e3o algor\u00edtmica em tempo real. R$ 8,4M+ Volume 92% Assertividade +20K Usu\u00e1rios Tempo Real Execu\u00e7\u00e3o An\u00e1lise em Tempo Real Leitura din\u00e2mica com dados atualizados continuamente. Valida\u00e7\u00e3o Inteligente Modelos algor\u00edtmicos que filtram oportunidades. Execu\u00e7\u00e3o Estrat\u00e9gica Entradas r\u00e1pidas com controle total da opera\u00e7\u00e3o. Gest\u00e3o de Risco Prote\u00e7\u00e3o de capital com consist\u00eancia operacional. A estrutura operacional foi desenvolvida para integrar an\u00e1lise, valida\u00e7\u00e3o e execu\u00e7\u00e3o dentro de um fluxo cont\u00ednuo e organizado, permitindo que cada decis\u00e3o seja tomada com base em dados concretos e leitura estrat\u00e9gica do mercado. O ambiente combina tecnologia propriet\u00e1ria com crit\u00e9rios rigorosos de filtragem, reduzindo interfer\u00eancias e aumentando a clareza na identifica\u00e7\u00e3o de oportunidades. Cada etapa do processo \u00e9 pensada para manter consist\u00eancia, disciplina e efici\u00eancia operacional. Com uma interface objetiva e responsiva, o usu\u00e1rio acompanha o comportamento dos ativos em tempo real, executa opera\u00e7\u00f5es com precis\u00e3o e mant\u00e9m controle total sobre exposi\u00e7\u00e3o, risco e performance ao longo do tempo. Leitura estruturada do mercado Interpreta\u00e7\u00e3o cont\u00ednua do comportamento dos ativos com base em fluxo, contexto macro e forma\u00e7\u00e3o de pre\u00e7o. Crit\u00e9rio t\u00e9cnico de valida\u00e7\u00e3o Aplica\u00e7\u00e3o de m\u00faltiplos filtros anal\u00edticos com objetivo de reduzir ru\u00eddo e aumentar a precis\u00e3o operacional. Execu\u00e7\u00e3o com disciplina operacional Entradas e sa\u00eddas alinhadas a par\u00e2metros definidos, mantendo consist\u00eancia e controle ao longo das opera\u00e7\u00f5es. Monitoramento e controle cont\u00ednuo Acompanhamento constante de exposi\u00e7\u00e3o, risco e performance em tempo real, garantindo estabilidade e previsibilidade.<\/p>\n","protected":false},"author":1,"featured_media":0,"parent":0,"menu_order":0,"comment_status":"closed","ping_status":"closed","template":"elementor_header_footer","meta":{"footnotes":""},"class_list":["post-1286","page","type-page","status-publish","hentry"],"_links":{"self":[{"href":"https:\/\/nexusinvestment.com.br\/index.php?rest_route=\/wp\/v2\/pages\/1286","targetHints":{"allow":["GET"]}}],"collection":[{"href":"https:\/\/nexusinvestment.com.br\/index.php?rest_route=\/wp\/v2\/pages"}],"about":[{"href":"https:\/\/nexusinvestment.com.br\/index.php?rest_route=\/wp\/v2\/types\/page"}],"author":[{"embeddable":true,"href":"https:\/\/nexusinvestment.com.br\/index.php?rest_route=\/wp\/v2\/users\/1"}],"replies":[{"embeddable":true,"href":"https:\/\/nexusinvestment.com.br\/index.php?rest_route=%2Fwp%2Fv2%2Fcomments&post=1286"}],"version-history":[{"count":25,"href":"https:\/\/nexusinvestment.com.br\/index.php?rest_route=\/wp\/v2\/pages\/1286\/revisions"}],"predecessor-version":[{"id":1721,"href":"https:\/\/nexusinvestment.com.br\/index.php?rest_route=\/wp\/v2\/pages\/1286\/revisions\/1721"}],"wp:attachment":[{"href":"https:\/\/nexusinvestment.com.br\/index.php?rest_route=%2Fwp%2Fv2%2Fmedia&parent=1286"}],"curies":[{"name":"wp","href":"https:\/\/api.w.org\/{rel}","templated":true}]}}